{"id":43,"date":"2022-02-13T15:26:32","date_gmt":"2022-02-13T13:26:32","guid":{"rendered":"http:\/\/www.outimietala.fi\/?page_id=43"},"modified":"2022-04-11T07:42:11","modified_gmt":"2022-04-11T04:42:11","slug":"statement","status":"publish","type":"page","link":"https:\/\/www.outimietala.fi\/?page_id=43","title":{"rendered":"Statement"},"content":{"rendered":"\n<p>Ty\u00f6skentelen p\u00e4\u00e4asiassa maalauksen, grafiikan ja valokuvan keinoin. Kuvataiteen tekemiseni ytimess\u00e4 on muutoksen kuvaaminen ja siksi teokseni muotoutuvat usein sarjallisiksi. Koska koko maailmankaikkeus on jatkuvassa muutoksessa, saan t\u00e4m\u00e4 tausta-ajatuksenani loputtomasti aiheita ja osateemoja ty\u00f6skentelyyni. Teokseni ovat p\u00e4\u00e4osin abstrakteja v\u00e4rien, muotojen, sommittelun, liikkeen, valon ja kontrastien kuvaamisen muuttuvaa tanssia. En yleens\u00e4 tee luonnoksia vaan annan intuition ohjata tekemist\u00e4 jonkin kiinnostavan l\u00e4ht\u00f6kohdan &#8211; ulkoisen havainnon tai sis\u00e4isen tunnetilan &#8211; vaatiman v\u00e4rin tai muodon mukaan. L\u00e4ht\u00f6kohta kuitenkin muuttuu muuksi ty\u00f6n edistyess\u00e4, jokin tehty ratkaisu vaatii teht\u00e4v\u00e4ksi jotain ennalta arvaamatonta ja kun teos on valmis \u2013 kun sille ei en\u00e4\u00e4 tarvitse tehd\u00e4 mit\u00e4\u00e4n \u2013 ja tekij\u00e4 katsoo sit\u00e4, on kuin jokin\/joku tuntematon, katsoisi takaisin.<\/p>\n\n\n\n<p>Artist\u00b4s Statement <\/p>\n\n\n\n<p>I work mainly with paintings, graphic and photo art. The core of my art is to describe the change in everything and that\u00b4s why my art works are often serial. Because the whole cosmos is in a constant change, I get endless themes to my artworks from this fact. My art works are mostly abstract. The colors, shapes, light, contrasts are my building materials on describing the changing dance of everything. I work directly guided by intuition with some interesting starting point, color or shape in my mind. The starting point however changes with the process of working. Some decision may demand something unforseen to make and when the piece of art is ready, it is always something unfamiliar even to myself.<\/p>\n","protected":false},"excerpt":{"rendered":"<p>Ty\u00f6skentelen p\u00e4\u00e4asiassa maalauksen, grafiikan ja valokuvan keinoin. Kuvataiteen tekemiseni ytimess\u00e4 on muutoksen kuvaaminen ja siksi teokseni muotoutuvat usein sarjallisiksi. Koska koko maailmankaikkeus on jatkuvassa muutoksessa, saan t\u00e4m\u00e4 tausta-ajatuksenani loputtomasti aiheita ja osateemoja ty\u00f6skentelyyni. Teokseni ovat p\u00e4\u00e4osin abstrakteja v\u00e4rien, muotojen, sommittelun, liikkeen, valon ja kontrastien kuvaamisen&nbsp;&hellip;<\/p>\n","protected":false},"author":1,"featured_media":0,"parent":0,"menu_order":3,"comment_status":"closed","ping_status":"closed","template":"template-full.php","meta":{"footnotes":""},"class_list":["post-43","page","type-page","status-publish","hentry"],"_links":{"self":[{"href":"https:\/\/www.outimietala.fi\/index.php?rest_route=\/wp\/v2\/pages\/43","targetHints":{"allow":["GET"]}}],"collection":[{"href":"https:\/\/www.outimietala.fi\/index.php?rest_route=\/wp\/v2\/pages"}],"about":[{"href":"https:\/\/www.outimietala.fi\/index.php?rest_route=\/wp\/v2\/types\/page"}],"author":[{"embeddable":true,"href":"https:\/\/www.outimietala.fi\/index.php?rest_route=\/wp\/v2\/users\/1"}],"replies":[{"embeddable":true,"href":"https:\/\/www.outimietala.fi\/index.php?rest_route=%2Fwp%2Fv2%2Fcomments&post=43"}],"version-history":[{"count":4,"href":"https:\/\/www.outimietala.fi\/index.php?rest_route=\/wp\/v2\/pages\/43\/revisions"}],"predecessor-version":[{"id":272,"href":"https:\/\/www.outimietala.fi\/index.php?rest_route=\/wp\/v2\/pages\/43\/revisions\/272"}],"wp:attachment":[{"href":"https:\/\/www.outimietala.fi\/index.php?rest_route=%2Fwp%2Fv2%2Fmedia&parent=43"}],"curies":[{"name":"wp","href":"https:\/\/api.w.org\/{rel}","templated":true}]}}